{"id":336,"date":"2019-10-14T17:51:20","date_gmt":"2019-10-14T17:51:20","guid":{"rendered":"http:\/\/mcifusa.org\/?page_id=336"},"modified":"2024-12-05T21:03:50","modified_gmt":"2024-12-05T21:03:50","slug":"stories","status":"publish","type":"page","link":"https:\/\/mcifusa.org\/es\/stories\/","title":{"rendered":"Testimonios"},"content":{"rendered":"<div id=\"typewheel-block-story-block_66be820412401\" style=\"\">\n\t\t\t\t\t\t\t\t\t\t<img decoding=\"async\" src=\"https:\/\/mcifusa.org\/wp-content\/uploads\/2024\/08\/TogetherChurch.jpg\" alt=\"\" class=\"typewheel-block-story-photo\" \/>\n\t\t\t\n\t\t\t\t\t\t\t\t\t\t\t\t<div class=\"typewheel-block-story-details\">\n\t\t\t\t\t\t<p>\n\t\t\t\t\t\t\t<h3 class=\"typewheel-block-story-title\" style=\"grid-area: title; font-weight: bold;\">Together Church \u2022 Moncks Corner, South Carolina<\/h3>\n\t\t\t\t\t\t<\/p>\n\t\t\t\t\t\t<p>\n\t\t\t\t\t\t\t<span class=\"typewheel-block-story-content\"><p class=\"p1\">Nuestros bancos locales hicieron muchas promesas desde el principio, pero se asustaron cuando nuestras cifras bajaron durante la pandemia. Steve, en cambio, me ayud\u00f3 a controlar mi ritmo card\u00edaco y nos acompa\u00f1\u00f3 durante todo el proceso. Uno de los miembros de nuestra junta directiva me dijo que se alegraban de que no hubiera funcionado con el banco porque ahora sab\u00edan ad\u00f3nde iba nuestro dinero. Y estoy totalmente de acuerdo.<span class=\"Apple-converted-space\">\u00a0 \u00a0 <\/span>&#8211; Pastor Robbie Foreman<\/p>\n<\/span>\n\t\t\t\t\t\t<\/p>\n\t\t\t\t\t<\/div>\n\t\t\t\t\t\t\t\n\t\t\t\t<style type=\"text\/css\">\n\t\t\t\t\t#typewheel-block-story-block_66be820412401 {\n\t\t\t\t\t\tdisplay: grid;\n\t\t\t\t\t\tgrid-auto-flow: column;\n\t\t\t\t\t\tgrid-template-columns: 3fr 5fr;\n\t\t\t\t\t\tgrid-gap: 2.5em;\n\t\t\t\t\t\tpadding: 1em 0;\n\t\t\t\t\t}\n\n\t\t\t\t\t@media screen and ( max-width: 1024px ) {\n\t\t\t\t\t\t#typewheel-block-story-block_66be820412401 p:first-child {\n\t\t\t\t\t\t\tgrid-template-columns: 1fr 2fr;\n\t\t\t\t\t\t\tgrid-template-areas: \"title email\" \"title title\";\n\t\t\t\t\t\t\tgrid-auto-flow: row;\n\t\t\t\t\t\t\tfont-weight: bold;\n\t\t\t\t\t\t}\n\t\t\t\t\t\t.typewheel-block-story-title {\n\t\t\t\t\t\t\talign-self: center;\n\t\t\t\t\t\t}\n\t\t\t\t\t}\n\t\t\t\t<\/style>\n\n\t\t\t\t\n\t<\/div>\n\n\t\n\n\n\t<div id=\"typewheel-block-story-block_66be821212402\" style=\"\">\n\t\t\t\t\t\t\t\t\t\t<img decoding=\"async\" src=\"https:\/\/mcifusa.org\/wp-content\/uploads\/2024\/08\/CC-Rios-De-Agua-Viva.jpg\" alt=\"\" class=\"typewheel-block-story-photo\" \/>\n\t\t\t\n\t\t\t\t\t\t\t\t\t\t\t\t<div class=\"typewheel-block-story-details\">\n\t\t\t\t\t\t<p>\n\t\t\t\t\t\t\t<h3 class=\"typewheel-block-story-title\" style=\"grid-area: title; font-weight: bold;\">CC Rios De Agua Viva \u2022 Shepherd, Texas<\/h3>\n\t\t\t\t\t\t<\/p>\n\t\t\t\t\t\t<p>\n\t\t\t\t\t\t\t<span class=\"typewheel-block-story-content\"><p class=\"p1\">Nuestro primer acuerdo fracas\u00f3, y el segundo estaba condicionado a la remodelaci\u00f3n de un edificio en la propiedad. Cuando volvimos a solicitar, Steve, consciente de nuestra urgencia, nos envi\u00f3 dinero para que pudi\u00e9ramos contratar contratistas de inmediato. Sab\u00eda que si Dios nos daba el beb\u00e9, tambi\u00e9n nos dar\u00eda los pa\u00f1ales. Quiero que todas las Iglesias Misioneras sepan lo valioso que es MCIF. \u00a1No solo para pr\u00e9stamos, sino tambi\u00e9n para invertir!<span class=\"Apple-converted-space\">\u00a0 \u00a0 <\/span>&#8211; Pastor Nelson Torres<\/p>\n<\/span>\n\t\t\t\t\t\t<\/p>\n\t\t\t\t\t<\/div>\n\t\t\t\t\t\t\t\n\t\t\t\t<style type=\"text\/css\">\n\t\t\t\t\t#typewheel-block-story-block_66be821212402 {\n\t\t\t\t\t\tdisplay: grid;\n\t\t\t\t\t\tgrid-auto-flow: column;\n\t\t\t\t\t\tgrid-template-columns: 3fr 5fr;\n\t\t\t\t\t\tgrid-gap: 2.5em;\n\t\t\t\t\t\tpadding: 1em 0;\n\t\t\t\t\t}\n\n\t\t\t\t\t@media screen and ( max-width: 1024px ) {\n\t\t\t\t\t\t#typewheel-block-story-block_66be821212402 p:first-child {\n\t\t\t\t\t\t\tgrid-template-columns: 1fr 2fr;\n\t\t\t\t\t\t\tgrid-template-areas: \"title email\" \"title title\";\n\t\t\t\t\t\t\tgrid-auto-flow: row;\n\t\t\t\t\t\t\tfont-weight: bold;\n\t\t\t\t\t\t}\n\t\t\t\t\t\t.typewheel-block-story-title {\n\t\t\t\t\t\t\talign-self: center;\n\t\t\t\t\t\t}\n\t\t\t\t\t}\n\t\t\t\t<\/style>\n\n\t\t\t\t\n\t<\/div>\n\n\t\n\n\n\t<div id=\"typewheel-block-story-block_66be821412403\" style=\"\">\n\t\t\t\t\t\t\t\t\t\t<img decoding=\"async\" src=\"https:\/\/mcifusa.org\/wp-content\/uploads\/2024\/08\/DavisonMissionaryChurch.jpg\" alt=\"\" class=\"typewheel-block-story-photo\" \/>\n\t\t\t\n\t\t\t\t\t\t\t\t\t\t\t\t<div class=\"typewheel-block-story-details\">\n\t\t\t\t\t\t<p>\n\t\t\t\t\t\t\t<h3 class=\"typewheel-block-story-title\" style=\"grid-area: title; font-weight: bold;\">Davison Missionary Church \u2022 Davison, Michigan<\/h3>\n\t\t\t\t\t\t<\/p>\n\t\t\t\t\t\t<p>\n\t\t\t\t\t\t\t<span class=\"typewheel-block-story-content\"><p class=\"p1\">Este es nuestro segundo pr\u00e9stamo con MCIF, y siempre lo hacen muy f\u00e1cil. En lugar de tener que pasar por un mont\u00f3n de tr\u00e1mites solos, nos ayudaron a superar cada uno. Los bancos no hacen eso ni negocian. No tienen ninguna motivaci\u00f3n ministerial. MCIF entiende que nuestro dinero es misionero, as\u00ed que tenemos prisa por pagar este pr\u00e9stamo para poder pedir m\u00e1s y ayudar a nuestro viejo estacionamiento.<span class=\"Apple-converted-space\">\u00a0 \u00a0 <\/span>&#8211; Pastor Jason Crum<\/p>\n<\/span>\n\t\t\t\t\t\t<\/p>\n\t\t\t\t\t<\/div>\n\t\t\t\t\t\t\t\n\t\t\t\t<style type=\"text\/css\">\n\t\t\t\t\t#typewheel-block-story-block_66be821412403 {\n\t\t\t\t\t\tdisplay: grid;\n\t\t\t\t\t\tgrid-auto-flow: column;\n\t\t\t\t\t\tgrid-template-columns: 3fr 5fr;\n\t\t\t\t\t\tgrid-gap: 2.5em;\n\t\t\t\t\t\tpadding: 1em 0;\n\t\t\t\t\t}\n\n\t\t\t\t\t@media screen and ( max-width: 1024px ) {\n\t\t\t\t\t\t#typewheel-block-story-block_66be821412403 p:first-child {\n\t\t\t\t\t\t\tgrid-template-columns: 1fr 2fr;\n\t\t\t\t\t\t\tgrid-template-areas: \"title email\" \"title title\";\n\t\t\t\t\t\t\tgrid-auto-flow: row;\n\t\t\t\t\t\t\tfont-weight: bold;\n\t\t\t\t\t\t}\n\t\t\t\t\t\t.typewheel-block-story-title {\n\t\t\t\t\t\t\talign-self: center;\n\t\t\t\t\t\t}\n\t\t\t\t\t}\n\t\t\t\t<\/style>\n\n\t\t\t\t\n\t<\/div>\n\n\t\n\n\n\t<div id=\"typewheel-block-story-block_5da5cc5cafa72\" style=\"\">\n\t\t\t\t\t\t\t\t\t\t<img decoding=\"async\" src=\"https:\/\/mcifusa.org\/wp-content\/uploads\/2019\/12\/MCIF.Stories.CenterpointWinterHaven-12-03-19.jpg\" alt=\"\" class=\"typewheel-block-story-photo\" \/>\n\t\t\t\n\t\t\t\t\t\t\t\t\t\t\t\t<div class=\"typewheel-block-story-details\">\n\t\t\t\t\t\t<p>\n\t\t\t\t\t\t\t<h3 class=\"typewheel-block-story-title\" style=\"grid-area: title; font-weight: bold;\">Centerpoint Community Church \u2022 Winter Haven, Florida<\/h3>\n\t\t\t\t\t\t<\/p>\n\t\t\t\t\t\t<p>\n\t\t\t\t\t\t\t<span class=\"typewheel-block-story-content\"><p>Centerpoint Community Church en Winter Haven, Florida, ten\u00eda una visi\u00f3n para su futura ubicaci\u00f3n. Aunque construir un edificio estaba en un futuro lejano, la iglesia encontr\u00f3 un terreno y quiso comprarlo. MCIF provey\u00f3 financiamiento para el terreno en el a\u00f1o 2004. El tiempo indicado para construir el nuevo edificio lleg\u00f3 catorce a\u00f1os m\u00e1s tarde. Nuevamente, ayudamos proveyendo financiamiento permanente para la construcci\u00f3n.<\/p>\n<\/span>\n\t\t\t\t\t\t<\/p>\n\t\t\t\t\t<\/div>\n\t\t\t\t\t\t\t\n\t\t\t\t<style type=\"text\/css\">\n\t\t\t\t\t#typewheel-block-story-block_5da5cc5cafa72 {\n\t\t\t\t\t\tdisplay: grid;\n\t\t\t\t\t\tgrid-auto-flow: column;\n\t\t\t\t\t\tgrid-template-columns: 3fr 5fr;\n\t\t\t\t\t\tgrid-gap: 2.5em;\n\t\t\t\t\t\tpadding: 1em 0;\n\t\t\t\t\t}\n\n\t\t\t\t\t@media screen and ( max-width: 1024px ) {\n\t\t\t\t\t\t#typewheel-block-story-block_5da5cc5cafa72 p:first-child {\n\t\t\t\t\t\t\tgrid-template-columns: 1fr 2fr;\n\t\t\t\t\t\t\tgrid-template-areas: \"title email\" \"title title\";\n\t\t\t\t\t\t\tgrid-auto-flow: row;\n\t\t\t\t\t\t\tfont-weight: bold;\n\t\t\t\t\t\t}\n\t\t\t\t\t\t.typewheel-block-story-title {\n\t\t\t\t\t\t\talign-self: center;\n\t\t\t\t\t\t}\n\t\t\t\t\t}\n\t\t\t\t<\/style>\n\n\t\t\t\t\n\t<\/div>\n\n\t\n\n\n\t<div id=\"typewheel-block-story-block_5dcae258cbbbe\" style=\"\">\n\t\t\t\t\t\t\t\t\t\t<img decoding=\"async\" src=\"https:\/\/mcifusa.org\/wp-content\/uploads\/2019\/12\/MCIF.Stories.AllSaints-12-03-19.jpg\" alt=\"\" class=\"typewheel-block-story-photo\" \/>\n\t\t\t\n\t\t\t\t\t\t\t\t\t\t\t\t<div class=\"typewheel-block-story-details\">\n\t\t\t\t\t\t<p>\n\t\t\t\t\t\t\t<h3 class=\"typewheel-block-story-title\" style=\"grid-area: title; font-weight: bold;\">All Saints Church of God \u2022 Westbury, New York<\/h3>\n\t\t\t\t\t\t<\/p>\n\t\t\t\t\t\t<p>\n\t\t\t\t\t\t\t<span class=\"typewheel-block-story-content\"><p>All Saints Church of God en Westbury, New York, estuvo rentando un espacio por bastantes a\u00f1os. Era un espacio peque\u00f1o y era un impedimento para su deseo de crecer. Esperaron pacientemente durante bastantes a\u00f1os para comprar su propio edificio donde tuvieran el espacio que necesitaban Cuando otra congregaci\u00f3n en el \u00e1rea se movi\u00f3 y puso en venta su edificio, MCIF respondi\u00f3 r\u00e1pidamente y se comprometi\u00f3 a financiar su compra. La oferta de Ali Saints Church of God fue aceptada, d\u00e1ndoles la habilidad de comprar el edificio en un mercado de bienes ra\u00edces altamente competitivo.<\/p>\n<\/span>\n\t\t\t\t\t\t<\/p>\n\t\t\t\t\t<\/div>\n\t\t\t\t\t\t\t\n\t\t\t\t<style type=\"text\/css\">\n\t\t\t\t\t#typewheel-block-story-block_5dcae258cbbbe {\n\t\t\t\t\t\tdisplay: grid;\n\t\t\t\t\t\tgrid-auto-flow: column;\n\t\t\t\t\t\tgrid-template-columns: 3fr 5fr;\n\t\t\t\t\t\tgrid-gap: 2.5em;\n\t\t\t\t\t\tpadding: 1em 0;\n\t\t\t\t\t}\n\n\t\t\t\t\t@media screen and ( max-width: 1024px ) {\n\t\t\t\t\t\t#typewheel-block-story-block_5dcae258cbbbe p:first-child {\n\t\t\t\t\t\t\tgrid-template-columns: 1fr 2fr;\n\t\t\t\t\t\t\tgrid-template-areas: \"title email\" \"title title\";\n\t\t\t\t\t\t\tgrid-auto-flow: row;\n\t\t\t\t\t\t\tfont-weight: bold;\n\t\t\t\t\t\t}\n\t\t\t\t\t\t.typewheel-block-story-title {\n\t\t\t\t\t\t\talign-self: center;\n\t\t\t\t\t\t}\n\t\t\t\t\t}\n\t\t\t\t<\/style>\n\n\t\t\t\t\n\t<\/div>\n\n\t\n\n\n\t<div id=\"typewheel-block-story-block_5dcad42dcbbbb\" style=\"\">\n\t\t\t\t\t\t\t\t\t\t<img decoding=\"async\" src=\"https:\/\/mcifusa.org\/wp-content\/uploads\/2019\/10\/MCIF.Stories.TheRock-10-16-19.jpg\" alt=\"\" class=\"typewheel-block-story-photo\" \/>\n\t\t\t\n\t\t\t\t\t\t\t\t\t\t\t\t<div class=\"typewheel-block-story-details\">\n\t\t\t\t\t\t<p>\n\t\t\t\t\t\t\t<h3 class=\"typewheel-block-story-title\" style=\"grid-area: title; font-weight: bold;\">The Rock Church \u2022 Portland, Indiana<\/h3>\n\t\t\t\t\t\t<\/p>\n\t\t\t\t\t\t<p>\n\t\t\t\t\t\t\t<span class=\"typewheel-block-story-content\"><p>The Rock Church en Portland, Indiana estuvo rentado un espacio por varios a\u00f1os cuando una edificio grande, previamente supermercado Marsh, fue puesto en venta. Vieron esta oportunidad para consolidar en uno solo los tres espacios que estaban rentando. As\u00ed que, con nuestra ayuda, compraron el edificio y lo transformaron en su nuevo espacio para adorar. Disfrutamos en gran manera celebrar su domingo inaugural y esperamos visitarlos pronto nuevamente.<\/p>\n<\/span>\n\t\t\t\t\t\t<\/p>\n\t\t\t\t\t<\/div>\n\t\t\t\t\t\t\t\n\t\t\t\t<style type=\"text\/css\">\n\t\t\t\t\t#typewheel-block-story-block_5dcad42dcbbbb {\n\t\t\t\t\t\tdisplay: grid;\n\t\t\t\t\t\tgrid-auto-flow: column;\n\t\t\t\t\t\tgrid-template-columns: 3fr 5fr;\n\t\t\t\t\t\tgrid-gap: 2.5em;\n\t\t\t\t\t\tpadding: 1em 0;\n\t\t\t\t\t}\n\n\t\t\t\t\t@media screen and ( max-width: 1024px ) {\n\t\t\t\t\t\t#typewheel-block-story-block_5dcad42dcbbbb p:first-child {\n\t\t\t\t\t\t\tgrid-template-columns: 1fr 2fr;\n\t\t\t\t\t\t\tgrid-template-areas: \"title email\" \"title title\";\n\t\t\t\t\t\t\tgrid-auto-flow: row;\n\t\t\t\t\t\t\tfont-weight: bold;\n\t\t\t\t\t\t}\n\t\t\t\t\t\t.typewheel-block-story-title {\n\t\t\t\t\t\t\talign-self: center;\n\t\t\t\t\t\t}\n\t\t\t\t\t}\n\t\t\t\t<\/style>\n\n\t\t\t\t\n\t<\/div>\n\n\t\n\n\n\t<div id=\"typewheel-block-story-block_5da7223b942a0\" style=\"\">\n\t\t\t\t\t\t\t\t\t\t<img decoding=\"async\" src=\"https:\/\/mcifusa.org\/wp-content\/uploads\/2019\/10\/MCIF.Stories.OneLife-10-16-19.jpg\" alt=\"\" class=\"typewheel-block-story-photo\" \/>\n\t\t\t\n\t\t\t\t\t\t\t\t\t\t\t\t<div class=\"typewheel-block-story-details\">\n\t\t\t\t\t\t<p>\n\t\t\t\t\t\t\t<h3 class=\"typewheel-block-story-title\" style=\"grid-area: title; font-weight: bold;\">One Life Church \u2022 Knoxville, Tennessee<\/h3>\n\t\t\t\t\t\t<\/p>\n\t\t\t\t\t\t<p>\n\t\t\t\t\t\t\t<span class=\"typewheel-block-story-content\"><p>Esta iglesia estaba creciendo r\u00e1pidamente y necesitaban espacio adicional para uno de sus campuses. El alto precio de bienes ra\u00edces en su comunidad era un problema. Con algo de ayuda de nosotros, pudieron rentar un espacio amplio que era antes un supermercado Food City. La direcci\u00f3n m\u00e1s indicada para ellos fue hacer mejoras al espacio rentado. En Abril del 2014, abrieron sus puertas recibiendo a m\u00e1s de 1,100 personas un domingo de Pascua.<\/p>\n<\/span>\n\t\t\t\t\t\t<\/p>\n\t\t\t\t\t<\/div>\n\t\t\t\t\t\t\t\n\t\t\t\t<style type=\"text\/css\">\n\t\t\t\t\t#typewheel-block-story-block_5da7223b942a0 {\n\t\t\t\t\t\tdisplay: grid;\n\t\t\t\t\t\tgrid-auto-flow: column;\n\t\t\t\t\t\tgrid-template-columns: 3fr 5fr;\n\t\t\t\t\t\tgrid-gap: 2.5em;\n\t\t\t\t\t\tpadding: 1em 0;\n\t\t\t\t\t}\n\n\t\t\t\t\t@media screen and ( max-width: 1024px ) {\n\t\t\t\t\t\t#typewheel-block-story-block_5da7223b942a0 p:first-child {\n\t\t\t\t\t\t\tgrid-template-columns: 1fr 2fr;\n\t\t\t\t\t\t\tgrid-template-areas: \"title email\" \"title title\";\n\t\t\t\t\t\t\tgrid-auto-flow: row;\n\t\t\t\t\t\t\tfont-weight: bold;\n\t\t\t\t\t\t}\n\t\t\t\t\t\t.typewheel-block-story-title {\n\t\t\t\t\t\t\talign-self: center;\n\t\t\t\t\t\t}\n\t\t\t\t\t}\n\t\t\t\t<\/style>\n\n\t\t\t\t\n\t<\/div>","protected":false},"excerpt":{"rendered":"","protected":false},"author":8,"featured_media":0,"parent":0,"menu_order":0,"comment_status":"closed","ping_status":"closed","template":"","meta":{"iawp_total_views":109,"footnotes":""},"class_list":{"0":"post-336","1":"page","2":"type-page","3":"status-publish","5":"no-featured-image-padding"},"acf":[],"_links":{"self":[{"href":"https:\/\/mcifusa.org\/es\/wp-json\/wp\/v2\/pages\/336","targetHints":{"allow":["GET"]}}],"collection":[{"href":"https:\/\/mcifusa.org\/es\/wp-json\/wp\/v2\/pages"}],"about":[{"href":"https:\/\/mcifusa.org\/es\/wp-json\/wp\/v2\/types\/page"}],"author":[{"embeddable":true,"href":"https:\/\/mcifusa.org\/es\/wp-json\/wp\/v2\/users\/8"}],"replies":[{"embeddable":true,"href":"https:\/\/mcifusa.org\/es\/wp-json\/wp\/v2\/comments?post=336"}],"version-history":[{"count":26,"href":"https:\/\/mcifusa.org\/es\/wp-json\/wp\/v2\/pages\/336\/revisions"}],"predecessor-version":[{"id":884,"href":"https:\/\/mcifusa.org\/es\/wp-json\/wp\/v2\/pages\/336\/revisions\/884"}],"wp:attachment":[{"href":"https:\/\/mcifusa.org\/es\/wp-json\/wp\/v2\/media?parent=336"}],"curies":[{"name":"wp","href":"https:\/\/api.w.org\/{rel}","templated":true}]}}