{"id":31,"date":"2019-06-05T18:34:11","date_gmt":"2019-06-05T18:34:11","guid":{"rendered":"http:\/\/mcifusa.org\/?page_id=31"},"modified":"2019-10-07T18:08:15","modified_gmt":"2019-10-07T18:08:15","slug":"for-congregations","status":"publish","type":"page","link":"https:\/\/mcifusa.org\/es\/training\/for-congregations\/","title":{"rendered":"Para Congregaciones"},"content":{"rendered":"<p>Si su iglesia todav\u00eda no ofrece entrenamiento de mayordom\u00eda financiera (Financia! Peace University, Crown Financia!, etc.), podemos ayudar. El entrenamiento de mayordom\u00eda financiera tiene el doble beneficio de ense\u00f1ar a su gente c\u00f3mo administrar los recursos que Dios le ha confiado, y tambi\u00e9n le ense\u00f1a a su gente c\u00f3mo ser generosos. Podemos ayudar supliendo al liderazgo de su iglesia con materiales y entrenamiento necesarias tanto para ejercer y modelar responsabilidad financiera como para dar ese entrenamiento a la congregaci\u00f3n.<\/p>","protected":false},"excerpt":{"rendered":"<p>If your church does not yet offer stewardship training (Financial Peace University, Crown Financial, etc.), we can help. Stewardship training has the double benefit of teaching your people how to steward the resources God has entrusted them with, and also teaches your people how to be generous.\u00a0We can help supply leadership in your church with &#8230; <a title=\"Para Congregaciones\" class=\"read-more\" href=\"https:\/\/mcifusa.org\/es\/training\/for-congregations\/\" aria-label=\"Read more about For Congregations\">Read more<\/a><\/p>","protected":false},"author":8,"featured_media":0,"parent":21,"menu_order":14,"comment_status":"closed","ping_status":"closed","template":"","meta":{"iawp_total_views":41,"footnotes":""},"class_list":{"0":"post-31","1":"page","2":"type-page","3":"status-publish","5":"no-featured-image-padding"},"acf":[],"_links":{"self":[{"href":"https:\/\/mcifusa.org\/es\/wp-json\/wp\/v2\/pages\/31","targetHints":{"allow":["GET"]}}],"collection":[{"href":"https:\/\/mcifusa.org\/es\/wp-json\/wp\/v2\/pages"}],"about":[{"href":"https:\/\/mcifusa.org\/es\/wp-json\/wp\/v2\/types\/page"}],"author":[{"embeddable":true,"href":"https:\/\/mcifusa.org\/es\/wp-json\/wp\/v2\/users\/8"}],"replies":[{"embeddable":true,"href":"https:\/\/mcifusa.org\/es\/wp-json\/wp\/v2\/comments?post=31"}],"version-history":[{"count":3,"href":"https:\/\/mcifusa.org\/es\/wp-json\/wp\/v2\/pages\/31\/revisions"}],"predecessor-version":[{"id":294,"href":"https:\/\/mcifusa.org\/es\/wp-json\/wp\/v2\/pages\/31\/revisions\/294"}],"up":[{"embeddable":true,"href":"https:\/\/mcifusa.org\/es\/wp-json\/wp\/v2\/pages\/21"}],"wp:attachment":[{"href":"https:\/\/mcifusa.org\/es\/wp-json\/wp\/v2\/media?parent=31"}],"curies":[{"name":"wp","href":"https:\/\/api.w.org\/{rel}","templated":true}]}}