{"id":30,"date":"2019-06-05T18:34:11","date_gmt":"2019-06-05T18:34:11","guid":{"rendered":"http:\/\/mcifusa.org\/?page_id=30"},"modified":"2019-09-14T02:22:39","modified_gmt":"2019-09-14T02:22:39","slug":"faqs-investing","status":"publish","type":"page","link":"https:\/\/mcifusa.org\/es\/investing\/faqs-investing\/","title":{"rendered":"Preguntas Frequentes (Inversiones)"},"content":{"rendered":"<style>.wp-show-posts-columns#wpsp-242 {margin-left: -2em; }.wp-show-posts-columns#wpsp-242 .wp-show-posts-inner {margin: 0 0 2em 2em; }<\/style><section id=\"wpsp-242\" class=\"wp-show-posts\" style=\"\"><article class=\"wp-show-posts-single wpsp-clearfix post-237 typewheel_question type-typewheel_question status-publish hentry typewheel_question_topic-investing\" itemtype=\"http:\/\/schema.org\/CreativeWork\" itemscope><div class=\"wp-show-posts-inner\" style=\"\">\t\t\t\t\t\t<header class=\"wp-show-posts-entry-header\">\n\t\t\t\t\t\t\t<span class=\"wp-show-posts-entry-title\" itemprop=\"headline\">\u00bfQui\u00e9n puede ayudar con mis preguntas?<\/span>\t\t\t\t\t\t<\/header><!-- .entry-header -->\n\t\t\t\t\t\t\t\t\t\t\t<div class=\"wp-show-posts-entry-content\" itemprop=\"text\">\n\t\t\t\t\t\t\t\n<p>Env\u00ede un email a <em>Cindy Sparling (<\/em><a href=\"mailto:cindysparling@mcusa.org\"><em>cindysparling@mcusa.org<\/em><\/a><em>)<\/em> o <em>Steve Sisson (<a href=\"mailto:stevesisson@mcusa.org\">stevesisson@mcusa.org<\/a>)<\/em>, o llame al (260) 747-2027. Es nuestro placer servirle.<\/p>\n\t\t\t\t\t\t<\/div><!-- .entry-content -->\n\t\t\t\t\t<\/div><!-- wp-show-posts-inner --><div class=\"wpsp-clear\"><\/div><\/article><article class=\"wp-show-posts-single wpsp-clearfix post-236 typewheel_question type-typewheel_question status-publish hentry typewheel_question_topic-investing\" itemtype=\"http:\/\/schema.org\/CreativeWork\" itemscope><div class=\"wp-show-posts-inner\" style=\"\">\t\t\t\t\t\t<header class=\"wp-show-posts-entry-header\">\n\t\t\t\t\t\t\t<span class=\"wp-show-posts-entry-title\" itemprop=\"headline\">\u00bfOfrece MCIF certificados IRA?<\/span>\t\t\t\t\t\t<\/header><!-- .entry-header -->\n\t\t\t\t\t\t\t\t\t\t\t<div class=\"wp-show-posts-entry-content\" itemprop=\"text\">\n\t\t\t\t\t\t\t\n<p>S\u00ed. Para comprar un certificado IRA necesita abrir una cuenta IRA auto-dirigida con GoldStar Trust Company*. Por favor cont\u00e1ctenos y le ayudaremos durante el proceso.<\/p>\n\n\n\n<p>*GoldStar Trust Company no realiza un an\u00e1lisis de idoneidad u otros servicios provistos por un concesionario licenciado o un asesor financiero.<\/p>\n\t\t\t\t\t\t<\/div><!-- .entry-content -->\n\t\t\t\t\t<\/div><!-- wp-show-posts-inner --><div class=\"wpsp-clear\"><\/div><\/article><article class=\"wp-show-posts-single wpsp-clearfix post-235 typewheel_question type-typewheel_question status-publish hentry typewheel_question_topic-investing\" itemtype=\"http:\/\/schema.org\/CreativeWork\" itemscope><div class=\"wp-show-posts-inner\" style=\"\">\t\t\t\t\t\t<header class=\"wp-show-posts-entry-header\">\n\t\t\t\t\t\t\t<span class=\"wp-show-posts-entry-title\" itemprop=\"headline\">\u00bfPuedo recibir un cheque por los intereses que gane mi certitficado?<\/span>\t\t\t\t\t\t<\/header><!-- .entry-header -->\n\t\t\t\t\t\t\t\t\t\t\t<div class=\"wp-show-posts-entry-content\" itemprop=\"text\">\n\t\t\t\t\t\t\t\n<p>S\u00ed. Puede recibir cheques mensuales o semi-anuales, con una inversi\u00f3n m\u00ednima de $10,000.<\/p>\n\t\t\t\t\t\t<\/div><!-- .entry-content -->\n\t\t\t\t\t<\/div><!-- wp-show-posts-inner --><div class=\"wpsp-clear\"><\/div><\/article><article class=\"wp-show-posts-single wpsp-clearfix post-234 typewheel_question type-typewheel_question status-publish hentry typewheel_question_topic-investing\" itemtype=\"http:\/\/schema.org\/CreativeWork\" itemscope><div class=\"wp-show-posts-inner\" style=\"\">\t\t\t\t\t\t<header class=\"wp-show-posts-entry-header\">\n\t\t\t\t\t\t\t<span class=\"wp-show-posts-entry-title\" itemprop=\"headline\">\u00bfQui\u00e9n fija las tasas de inter\u00e9s para los certificados de inversiones de MCIF?<\/span>\t\t\t\t\t\t<\/header><!-- .entry-header -->\n\t\t\t\t\t\t\t\t\t\t\t<div class=\"wp-show-posts-entry-content\" itemprop=\"text\">\n\t\t\t\t\t\t\t\n<p>La Junta de Directores de MCIF revisa las tasas de inter\u00e9s trimestralmente.<\/p>\n\t\t\t\t\t\t<\/div><!-- .entry-content -->\n\t\t\t\t\t<\/div><!-- wp-show-posts-inner --><div class=\"wpsp-clear\"><\/div><\/article><article class=\"wp-show-posts-single wpsp-clearfix post-233 typewheel_question type-typewheel_question status-publish hentry typewheel_question_topic-investing\" itemtype=\"http:\/\/schema.org\/CreativeWork\" itemscope><div class=\"wp-show-posts-inner\" style=\"\">\t\t\t\t\t\t<header class=\"wp-show-posts-entry-header\">\n\t\t\t\t\t\t\t<span class=\"wp-show-posts-entry-title\" itemprop=\"headline\">\u00bfCu\u00e1nto inter\u00e9s ganan mis inversiones?<\/span>\t\t\t\t\t\t<\/header><!-- .entry-header -->\n\t\t\t\t\t\t\t\t\t\t\t<div class=\"wp-show-posts-entry-content\" itemprop=\"text\">\n\t\t\t\t\t\t\t\n<p>Sus ganancias dependen del producto que haya seleccionado y las tasas de inter\u00e9s actuales.<\/p>\n\t\t\t\t\t\t<\/div><!-- .entry-content -->\n\t\t\t\t\t<\/div><!-- wp-show-posts-inner --><div class=\"wpsp-clear\"><\/div><\/article><article class=\"wp-show-posts-single wpsp-clearfix post-232 typewheel_question type-typewheel_question status-publish hentry typewheel_question_topic-investing\" itemtype=\"http:\/\/schema.org\/CreativeWork\" itemscope><div class=\"wp-show-posts-inner\" style=\"\">\t\t\t\t\t\t<header class=\"wp-show-posts-entry-header\">\n\t\t\t\t\t\t\t<span class=\"wp-show-posts-entry-title\" itemprop=\"headline\">\u00bfPor qu\u00e9 invertir en MCIF?<\/span>\t\t\t\t\t\t<\/header><!-- .entry-header -->\n\t\t\t\t\t\t\t\t\t\t\t<div class=\"wp-show-posts-entry-content\" itemprop=\"text\">\n\t\t\t\t\t\t\t\n<p>\u00c9stas son algunas razones:<\/p>\n\n\n\n<ul class=\"wp-block-list\"><li>Recibir\u00e1 una tasa de retorno competitiva.<\/li><li>Recibir\u00e1 una tasa de retorno competitiva.<\/li><li>Apoyar\u00e1 las organizaciones y ministerios en los que cree. MCIF s\u00f3lo presta a Iglesias Misioneras y sus ministerios.<\/li><li>Puede estar en confianza sabiendo que MCIF nunca ha perdido dinero en un pr\u00e9stamos. Tambi\u00e9n estamos sujetos a auditor\u00edas anuales por parte de una firma de auditor\u00eda independiente y revisados por divisiones de valores del estado.<\/li><\/ul>\n\t\t\t\t\t\t<\/div><!-- .entry-content -->\n\t\t\t\t\t<\/div><!-- wp-show-posts-inner --><div class=\"wpsp-clear\"><\/div><\/article><article class=\"wp-show-posts-single wpsp-clearfix post-231 typewheel_question type-typewheel_question status-publish hentry typewheel_question_topic-investing\" itemtype=\"http:\/\/schema.org\/CreativeWork\" itemscope><div class=\"wp-show-posts-inner\" style=\"\">\t\t\t\t\t\t<header class=\"wp-show-posts-entry-header\">\n\t\t\t\t\t\t\t<span class=\"wp-show-posts-entry-title\" itemprop=\"headline\">\u00bfQui\u00e9n puede invertir con el Fondo de Inversiones de la Iglesia Misionera (MCIF, por sus siglas en ingl\u00e9s)?<\/span>\t\t\t\t\t\t<\/header><!-- .entry-header -->\n\t\t\t\t\t\t\t\t\t\t\t<div class=\"wp-show-posts-entry-content\" itemprop=\"text\">\n\t\t\t\t\t\t\t\n<p>Para individuos, necesita confirmar que:<\/p>\n\n\n\n<ol class=\"wp-block-list\"><li>Est\u00e9 localizado en uno de los estados en los cuales MCIF opera.<\/li><li>Es un miembro de, contribuyente a, o participante en la Iglesia Misionera o alg\u00fan otro programa\/actividad\/organizaci\u00f3n asociada con la Iglesia Misionera o sus ministerios.<\/li><\/ol>\n\n\n\n<p>Para las iglesias o ministerios relacionados, necesita confirmar que:<\/p>\n\n\n\n<ol class=\"wp-block-list\"><li>Est\u00e9 localizada en uno de los estados en los cuales opera MCIF.<\/li><li>Es una iglesia oficial, miembro o afiliada de la Iglesia Misionera.<\/li><\/ol>\n\t\t\t\t\t\t<\/div><!-- .entry-content -->\n\t\t\t\t\t<\/div><!-- wp-show-posts-inner --><div class=\"wpsp-clear\"><\/div><\/article><\/section><!-- .wp-show-posts -->","protected":false},"excerpt":{"rendered":"","protected":false},"author":8,"featured_media":0,"parent":20,"menu_order":13,"comment_status":"closed","ping_status":"closed","template":"","meta":{"iawp_total_views":67,"footnotes":""},"class_list":["post-30","page","type-page","status-publish","hentry","no-featured-image-padding"],"acf":[],"_links":{"self":[{"href":"https:\/\/mcifusa.org\/es\/wp-json\/wp\/v2\/pages\/30","targetHints":{"allow":["GET"]}}],"collection":[{"href":"https:\/\/mcifusa.org\/es\/wp-json\/wp\/v2\/pages"}],"about":[{"href":"https:\/\/mcifusa.org\/es\/wp-json\/wp\/v2\/types\/page"}],"author":[{"embeddable":true,"href":"https:\/\/mcifusa.org\/es\/wp-json\/wp\/v2\/users\/8"}],"replies":[{"embeddable":true,"href":"https:\/\/mcifusa.org\/es\/wp-json\/wp\/v2\/comments?post=30"}],"version-history":[{"count":2,"href":"https:\/\/mcifusa.org\/es\/wp-json\/wp\/v2\/pages\/30\/revisions"}],"predecessor-version":[{"id":245,"href":"https:\/\/mcifusa.org\/es\/wp-json\/wp\/v2\/pages\/30\/revisions\/245"}],"up":[{"embeddable":true,"href":"https:\/\/mcifusa.org\/es\/wp-json\/wp\/v2\/pages\/20"}],"wp:attachment":[{"href":"https:\/\/mcifusa.org\/es\/wp-json\/wp\/v2\/media?parent=30"}],"curies":[{"name":"wp","href":"https:\/\/api.w.org\/{rel}","templated":true}]}}