{"id":29,"date":"2019-06-05T18:34:11","date_gmt":"2019-06-05T18:34:11","guid":{"rendered":"http:\/\/mcifusa.org\/?page_id=29"},"modified":"2026-04-14T20:10:53","modified_gmt":"2026-04-14T20:10:53","slug":"churches","status":"publish","type":"page","link":"https:\/\/mcifusa.org\/es\/investing\/churches\/","title":{"rendered":"Inversiones Para Iglesias"},"content":{"rendered":"<p>Las iglesias pueden invertir en dos tipos de cuentas con MCIF: Reserva para Iglesias y Certificados de Inversiones.<\/p>\n\n\n\n<p>Church Reserve accounts earn a competitive interest rate and allow churches flexibility for deposits and withdrawals.&nbsp;Churches can make additional deposits and can withdraw* funds upon written demand.&nbsp;The current rate for Church Reserve accounts is 3.50%.<\/p>\n\n\n\n<p>Los Certificados de Inversiones ganan un inter\u00e9s fijo a trav\u00e9s de una cantidad de tiempo fija. Las iglesias pueden escoger entre t\u00e9rminos de 1, 2, o 3 a\u00f1os, con una inversi\u00f3n m\u00ednima de solamente $1,000. Las tasas de inter\u00e9s actuales para nuestros Certificados de Inversiones son:<\/p>\n\n\n\n<figure class=\"wp-block-table\"><table><tbody><tr><td><strong>Termino<\/strong><\/td><td><strong>Tasa de Inter\u00e9s<\/strong><\/td><\/tr><tr><td>1 a\u00f1o<\/td><td>4.00%<\/td><\/tr><tr><td>2 a\u00f1os<\/td><td>4.13%<\/td><\/tr><tr><td>3 a\u00f1os<\/td><td>4.25%<\/td><\/tr><\/tbody><\/table><\/figure>\n\n\n\n<p>Los Certificados de Inversi\u00f3n disponen una penalidad por retiros tempranos, si se hacen retiros antes de que el certificado madure. Las solicitudes de retiro se tienen que hacer por escrito. Los fondos pueden ser reinvertidos o retirados (sin penalidad) una vez el certificado alcance madurez.<\/p>\n\n\n\n<p>Para invertir con MCIF:<\/p>\n\n\n\n<h4 class=\"wp-block-heading\"><strong>Paso 1: Confirme su elegibilidad.<\/strong><\/h4>\n\n\n\n<p>Verifique que su iglesia est\u00e1 localizada en uno de los 16 estados en los que opera MCIF<\/p>\n\n\n\n<figure class=\"wp-block-table\"><table><tbody><tr><td>California <\/td><td>Idaho<\/td><td>Kansas<\/td><td>Minnesota<\/td><td>New York<\/td><td>Pennsylvania<\/td><\/tr><tr><td>Florida <\/td><td>Iowa <\/td><td>Kentucky<\/td><td>Montana<\/td><td>N Carolina<\/td><td>S Carolina<\/td><\/tr><tr><td>Georgia<\/td><td>Illinois<\/td><td>Massachusetts<\/td><td>Nebraska<\/td><td>Ohio<\/td><td>Tennessee<\/td><\/tr><tr><td>Hawaii<\/td><td>Indiana<\/td><td>Michigan <\/td><td>New Jersey<\/td><td>Oregon<\/td><td>Texas<\/td><\/tr><\/tbody><\/table><\/figure>\n\n\n\n<p>Verifique que sea oficialmente una iglesia, miembro u organizaci\u00f3n afiliada a la Iglesia Misionera&nbsp;<\/p>\n\n\n\n<h4 class=\"wp-block-heading\"><strong>Paso 2: Descargue y lea la Circular de Ofrecimientos para el estado en el que reside<\/strong><\/h4>\n\n\n\n<div class=\"wp-block-file mdi mdi-file-pdf-box\"><a id=\"wp-block-file--media-9a2b8b05-0c78-4e78-a855-a888960a8c04\" href=\"https:\/\/mcifusa.org\/wp-content\/uploads\/2025\/08\/2025-Offering-Circular.pdf\">2025 Offering Circular<\/a><a href=\"https:\/\/mcifusa.org\/wp-content\/uploads\/2025\/08\/2025-Offering-Circular.pdf\" class=\"wp-block-file__button wp-element-button\" download aria-describedby=\"wp-block-file--media-9a2b8b05-0c78-4e78-a855-a888960a8c04\">Descargar<\/a><\/div>\n\n\n\n<h4 class=\"wp-block-heading\"><strong>Paso 3: Descargue, complete y firme f\u00edsicamente la solicitud apropiada<\/strong><\/h4>\n\n\n\n<div class=\"wp-block-file mdi mdi-file-pdf-box\"><a id=\"wp-block-file--media-c923ecbc-d703-406a-ab77-a70371c998a1\" href=\"https:\/\/mcifusa.org\/wp-content\/uploads\/2026\/04\/Church-Reserve-Contract-of-Investment-Resolution-2.pdf\">Church Reserve, Contract of Investment, Resolution<\/a><a href=\"https:\/\/mcifusa.org\/wp-content\/uploads\/2026\/04\/Church-Reserve-Contract-of-Investment-Resolution-2.pdf\" class=\"wp-block-file__button wp-element-button\" download aria-describedby=\"wp-block-file--media-c923ecbc-d703-406a-ab77-a70371c998a1\">Descargar<\/a><\/div>\n\n\n\n<div class=\"wp-block-file mdi mdi-file-pdf-box\"><a id=\"wp-block-file--media-4330acba-b9f1-4e4e-b23f-bf3ef328210c\" href=\"https:\/\/mcifusa.org\/wp-content\/uploads\/2026\/04\/Church-Term-Investment-Contract-of-Investment-Resolution-3.pdf\">Church Term Investment, Contract of Investment, Resolution<\/a><a href=\"https:\/\/mcifusa.org\/wp-content\/uploads\/2026\/04\/Church-Term-Investment-Contract-of-Investment-Resolution-3.pdf\" class=\"wp-block-file__button wp-element-button\" download aria-describedby=\"wp-block-file--media-4330acba-b9f1-4e4e-b23f-bf3ef328210c\">Descargar<\/a><\/div>\n\n\n\n<h4 class=\"wp-block-heading\"><strong>Paso 4: Env\u00ede su solicitud completada y firma_da f\u00edsicamente junto con un cheque a:<\/strong><\/h4>\n\n\n\n<p>Missionary Church Investment Foundation<br>PO Box 9127<br>Fort Wayne, IN 46899-9127<\/p>\n\n\n\n<h4 class=\"wp-block-heading\"><strong>Paso 5: Reciba una respuesta en una semana.<\/strong><\/h4>\n\n\n\n<p>*La Circular de Ofrecimientos contiene los procedimientos que aplican para retiros\/redenciones e incluyen riesgos de re-pago. Ciertos procedimientos de redenci\u00f3n pueden atrasar el re-pago inmediato de ganancias de cuentas de Reserva de Iglesias y Certificados de Inversiones. Vea la p\u00e1gina 27 de la Circular de Ofrecimientos.<\/p>","protected":false},"excerpt":{"rendered":"<p>Churches can invest in 2 types of accounts at MCIF: Church Reserve and Investment Certificates. Church Reserve accounts earn a competitive interest rate and allow churches flexibility for deposits and withdrawals.&nbsp;Churches can make additional deposits and can withdraw* funds upon written demand.&nbsp;The current rate for Church Reserve accounts is 3.50%. Investment Certificates pay a fixed &#8230; <a title=\"Inversiones Para Iglesias\" class=\"read-more\" href=\"https:\/\/mcifusa.org\/es\/investing\/churches\/\" aria-label=\"Read more about Church Investing\">Read more<\/a><\/p>","protected":false},"author":8,"featured_media":0,"parent":20,"menu_order":12,"comment_status":"closed","ping_status":"closed","template":"","meta":{"iawp_total_views":257,"footnotes":""},"class_list":{"0":"post-29","1":"page","2":"type-page","3":"status-publish","5":"no-featured-image-padding"},"acf":[],"_links":{"self":[{"href":"https:\/\/mcifusa.org\/es\/wp-json\/wp\/v2\/pages\/29","targetHints":{"allow":["GET"]}}],"collection":[{"href":"https:\/\/mcifusa.org\/es\/wp-json\/wp\/v2\/pages"}],"about":[{"href":"https:\/\/mcifusa.org\/es\/wp-json\/wp\/v2\/types\/page"}],"author":[{"embeddable":true,"href":"https:\/\/mcifusa.org\/es\/wp-json\/wp\/v2\/users\/8"}],"replies":[{"embeddable":true,"href":"https:\/\/mcifusa.org\/es\/wp-json\/wp\/v2\/comments?post=29"}],"version-history":[{"count":43,"href":"https:\/\/mcifusa.org\/es\/wp-json\/wp\/v2\/pages\/29\/revisions"}],"predecessor-version":[{"id":1363,"href":"https:\/\/mcifusa.org\/es\/wp-json\/wp\/v2\/pages\/29\/revisions\/1363"}],"up":[{"embeddable":true,"href":"https:\/\/mcifusa.org\/es\/wp-json\/wp\/v2\/pages\/20"}],"wp:attachment":[{"href":"https:\/\/mcifusa.org\/es\/wp-json\/wp\/v2\/media?parent=29"}],"curies":[{"name":"wp","href":"https:\/\/api.w.org\/{rel}","templated":true}]}}