{"id":28,"date":"2019-06-05T18:34:11","date_gmt":"2019-06-05T18:34:11","guid":{"rendered":"http:\/\/mcifusa.org\/?page_id=28"},"modified":"2026-04-14T13:29:05","modified_gmt":"2026-04-14T13:29:05","slug":"personal","status":"publish","type":"page","link":"https:\/\/mcifusa.org\/es\/investing\/personal\/","title":{"rendered":"Inversiones Personales"},"content":{"rendered":"<p>We offer 3 types of investment accounts for individuals:&nbsp;Liquid Accounts, Investment Certificates, and Child Futures Certificates.<\/p>\n\n\n\n<p><strong>Las Cuentas L\u00edquidas<\/strong> offer a variable interest rate and flexibility for deposits and withdrawals. The interest rate ranges from 0% (if the balance in your account is below $500) to 3.50% (if the balance in your account is above $25,000), and is tiered, based on the actual balance in the account.&nbsp;Funds can be deposited at any time, and can be withdrawn* upon written demand.&nbsp; Total transactions (deposits and withdrawals), are limited to 3 per month.&nbsp;<\/p>\n\n\n\n<p><strong>Los Certificados<\/strong> de Inversi\u00f3n ganan un inter\u00e9s fijo a trav\u00e9s de una cantidad fija de tiempo. Cada individuo puede escoger un t\u00e9rmino entre 1, 2, y 3 a\u00f1os, con una inversi\u00f3n m\u00ednima de solamente $1,000. Actualmente, nuestras tasas de inter\u00e9s para Certificados de Inversi\u00f3n son las siguientes:<\/p>\n\n\n\n<figure class=\"wp-block-table\"><table><tbody><tr><td><strong>Termino<\/strong><\/td><td><strong>Tasa de Inter\u00e9s<\/strong><\/td><\/tr><tr><td>1 a\u00f1o<\/td><td>4.00%<\/td><\/tr><tr><td>2 a\u00f1os<\/td><td>4.13%<\/td><\/tr><tr><td>3 a\u00f1os<\/td><td>4.25%<\/td><\/tr><\/tbody><\/table><\/figure>\n\n\n\n<p>Los Certificados de Inversi\u00f3n disponen una penalidad por retiros* llevados a cabo antes de que el Certificado alcance madurez. Las peticiones de retiro tienen que hacerse por escrito. Los fondos pueden ser reinvertidos o retirados (sin penalidad) cuando el Certificado haya alcanzado madurez.<\/p>\n\n\n\n<p>Tambi\u00e9n tenemos disponibles los Certificados de Inversi\u00f3n IRA. Por favor cont\u00e1ctenos para informaci\u00f3n acerca de IRAs. <a href=\"http:\/\/mcifusa.org\/es\/contact\/\">contact us<\/a> for information regarding IRAs.<\/p>\n\n\n\n<p><strong>Los Certificados de Futuros<\/strong> para Menores pagan una tasa de inter\u00e9s variable y una inversi\u00f3n m\u00ednima de tan solo $100 para abrir el certificado. Mensualmente, la tasa de inter\u00e9s se ajustar\u00e1 a la tasa m\u00e1s alta ofrecida en ese momento para nuestros Certificados de Inversi\u00f3n a 1, 2 o 3 a\u00f1os. Se pueden realizar adiciones a un Certificado de Futuros para Menores en cualquier momento, por un monto m\u00ednimo de $25. Los Certificados de Futuros para Menores solo pueden ser adquiridos por un custodio para un menor de edad, seg\u00fan la Ley Uniforme de Transferencias a Menores (UTMA). Los Certificados de Futuros para Menores vencen el d\u00eda en que el menor cumple 21 a\u00f1os. Despu\u00e9s de que el menor cumpla 18 a\u00f1os, el custodio puede retirar fondos sin penalizaci\u00f3n para su beneficio. Los Certificados de Futuros para Menores incluyen una cl\u00e1usula que establece una penalizaci\u00f3n por retiro anticipado si se retiran fondos antes de que el menor cumpla 18 a\u00f1os. Las solicitudes de retiro deben hacerse por escrito.<\/p>\n\n\n\n<p>Para abrir una inversi\u00f3n con MCIF:<\/p>\n\n\n\n<h4 class=\"wp-block-heading\"><strong>Paso 1: Confirme su elegibilidad.<\/strong><\/h4>\n\n\n\n<p>Verifique que reside en uno de los 16 estados en los que opera MCIF<\/p>\n\n\n\n<figure class=\"wp-block-table\"><table><tbody><tr><td>California <\/td><td>Idaho<\/td><td>Kansas<\/td><td>Minnesota<\/td><td>New York<\/td><td>Pennsylvania<\/td><\/tr><tr><td>Florida <\/td><td>Iowa <\/td><td>Kentucky<\/td><td>Montana<\/td><td>N Carolina<\/td><td>S Carolina<\/td><\/tr><tr><td>Georgia<\/td><td>Illinois<\/td><td>Massachusetts<\/td><td>Nebraska<\/td><td>Ohio<\/td><td>Tennessee<\/td><\/tr><tr><td>Hawaii<\/td><td>Indiana<\/td><td>Michigan <\/td><td>New Jersey<\/td><td>Oregon<\/td><td>Texas<\/td><\/tr><\/tbody><\/table><\/figure>\n\n\n\n<p>Verifique que es miembro de, contribuyente a, o participante en la Iglesia Misionera o un distrito o alg\u00fan otro programa, actividad u organizaci\u00f3n que se constituya parte de la Iglesia Misionera o uno de sus distritos o que sucedes en inter\u00e9s a alguien que lo es.<\/p>\n\n\n\n<pre class=\"wp-block-verse\">La Fundaci\u00f3n de Inversiones de la Iglesia Misionera puede ser autorizada a emitir valores en otros estados dependiendo del caso. Si no es residente de alguno de estos estados, por favor cont\u00e1ctenos para investigar si cualifica.<\/pre>\n\n\n\n<h4 class=\"wp-block-heading\"><strong>Paso 2: Descargue y lea la Circular de Ofrecimientos para el estado en el que reside<\/strong><\/h4>\n\n\n\n<div class=\"wp-block-file mdi mdi-file-pdf-box\"><a id=\"wp-block-file--media-112eaea3-29f1-451c-b2e3-23a050b28ec5\" href=\"https:\/\/mcifusa.org\/wp-content\/uploads\/2025\/08\/2025-Offering-Circular.pdf\">2025 Offering Circular<\/a><a href=\"https:\/\/mcifusa.org\/wp-content\/uploads\/2025\/08\/2025-Offering-Circular.pdf\" class=\"wp-block-file__button wp-element-button\" download aria-describedby=\"wp-block-file--media-112eaea3-29f1-451c-b2e3-23a050b28ec5\">Descargar<\/a><\/div>\n\n\n\n<h4 class=\"wp-block-heading\"><strong>Paso 3: Descargue, complete y firme f\u00edsicamente la solicitud apropiada<\/strong><\/h4>\n\n\n\n<div class=\"wp-block-file mdi mdi-file-pdf-box\"><a id=\"wp-block-file--media-c7c50adf-a7d5-41ca-a346-1f1b76954d26\" href=\"https:\/\/mcifusa.org\/wp-content\/uploads\/2026\/04\/Liquid-Account-Application-and-Agreement.pdf\">Liquid Account Application and Agreement<\/a><a href=\"https:\/\/mcifusa.org\/wp-content\/uploads\/2026\/04\/Liquid-Account-Application-and-Agreement.pdf\" class=\"wp-block-file__button wp-element-button\" download aria-describedby=\"wp-block-file--media-c7c50adf-a7d5-41ca-a346-1f1b76954d26\">Descargar<\/a><\/div>\n\n\n\n<div class=\"wp-block-file mdi mdi-file-pdf-box\"><a id=\"wp-block-file--media-63960e27-0bbf-40b6-a09d-133d3e83d1ae\" href=\"https:\/\/mcifusa.org\/wp-content\/uploads\/2026\/04\/Investment-Certificate-Application-and-Agreement.pdf\">Investment Certificate Application and Agreement<\/a><a href=\"https:\/\/mcifusa.org\/wp-content\/uploads\/2026\/04\/Investment-Certificate-Application-and-Agreement.pdf\" class=\"wp-block-file__button wp-element-button\" download aria-describedby=\"wp-block-file--media-63960e27-0bbf-40b6-a09d-133d3e83d1ae\">Descargar<\/a><\/div>\n\n\n\n<div class=\"wp-block-file mdi mdi-file-pdf-box\"><a id=\"wp-block-file--media-7f678875-c59b-42c9-bb96-c1ba685fb849\" href=\"https:\/\/mcifusa.org\/wp-content\/uploads\/2026\/04\/Child-Futures-Certificate-Application-and-Agreement.pdf\">Child Futures Certificate Application and Agreement<\/a><a href=\"https:\/\/mcifusa.org\/wp-content\/uploads\/2026\/04\/Child-Futures-Certificate-Application-and-Agreement.pdf\" class=\"wp-block-file__button wp-element-button\" download aria-describedby=\"wp-block-file--media-7f678875-c59b-42c9-bb96-c1ba685fb849\">Descargar<\/a><\/div>\n\n\n\n<p><\/p>\n\n\n\n<h4 class=\"wp-block-heading\"><strong>Paso 4: Env\u00ede su solicitud completada y firma_da f\u00edsicamente junto con un cheque a:<\/strong><\/h4>\n\n\n\n<p>Missionary Church Investment Foundation<br>PO Box 9127<br>Fort Wayne, IN 46899-9127<\/p>\n\n\n\n<h4 class=\"wp-block-heading\"><strong>Paso 5: Reciba una respuesta en una semana.<\/strong><\/h4>\n\n\n\n<p>*La Circular de Ofrecimientos contiene los procedimientos que aplican para retiros\/redenciones e incluyen riesgos de re-pago. Ciertos procedimientos de redenci\u00f3n pueden atrasar el re-pago inmediato de ganancias de cuentas de Reserva de Iglesias y Certificados de Inversiones. Vea la p\u00e1gina 27 de la Circular de Ofrecimientos.<\/p>\n\n\n\n<hr class=\"wp-block-separator has-css-opacity\"\/>\n\n\n\n<h3 class=\"wp-block-heading\">No somos un banco. Y eso es algo bueno.<\/h3>\n\n\n\n<p>Cuando usted invierte con la Fundaci\u00f3n de Inversiones de la Iglesia Misionera (MCIF, por sus siglas en ingl\u00e9s), recibe una \"doble bendici\u00f3n\", Mientras gana intereses, sus fondos le permiten a las congregaciones y ministerios de las Iglesias Misioneras crecer y expandirse a trav\u00e9s de pr\u00e9stamos de bajo costo.<\/p>\n\n\n\n<p>De hecho, desde el 1958, MCIF ha provisto cientos de pr\u00e9stamos a Iglesias Misioneras y sus ministerios. Sus d\u00f3lares han ayudado a construir y renovar iglesias, comprar terrenos y equipos, reparar techos o da\u00f1os causados por tormentas, y han financiado mejoras a espacios rentados.<\/p>\n\n\n\n<hr class=\"wp-block-separator has-css-opacity is-style-wide\"\/>\n\n\n\n<h3 class=\"wp-block-heading\" style=\"color: #a12629;\">Formas en que las iglesias pueden invertir:<\/h3>\n\n\n\n<p class=\"has-primary-color has-text-color\">Para iglesias interesadas en invertir, haga click <a href=\"http:\/\/mcifusa.org\/es\/investing\/churches\/\">aqu\u00ed<\/a>.<\/p>\n\n\n\n<hr class=\"wp-block-separator has-css-opacity is-style-wide\"\/>","protected":false},"excerpt":{"rendered":"<p>We offer 3 types of investment accounts for individuals:&nbsp;Liquid Accounts, Investment Certificates, and Child Futures Certificates. Liquid Accounts offer a variable interest rate and flexibility for deposits and withdrawals. The interest rate ranges from 0% (if the balance in your account is below $500) to 3.50% (if the balance in your account is above $25,000), &#8230; <a title=\"Inversiones Personales\" class=\"read-more\" href=\"https:\/\/mcifusa.org\/es\/investing\/personal\/\" aria-label=\"Read more about Personal Investing\">Read more<\/a><\/p>","protected":false},"author":8,"featured_media":0,"parent":20,"menu_order":11,"comment_status":"closed","ping_status":"closed","template":"","meta":{"iawp_total_views":481,"footnotes":""},"class_list":{"0":"post-28","1":"page","2":"type-page","3":"status-publish","5":"no-featured-image-padding"},"acf":[],"_links":{"self":[{"href":"https:\/\/mcifusa.org\/es\/wp-json\/wp\/v2\/pages\/28","targetHints":{"allow":["GET"]}}],"collection":[{"href":"https:\/\/mcifusa.org\/es\/wp-json\/wp\/v2\/pages"}],"about":[{"href":"https:\/\/mcifusa.org\/es\/wp-json\/wp\/v2\/types\/page"}],"author":[{"embeddable":true,"href":"https:\/\/mcifusa.org\/es\/wp-json\/wp\/v2\/users\/8"}],"replies":[{"embeddable":true,"href":"https:\/\/mcifusa.org\/es\/wp-json\/wp\/v2\/comments?post=28"}],"version-history":[{"count":55,"href":"https:\/\/mcifusa.org\/es\/wp-json\/wp\/v2\/pages\/28\/revisions"}],"predecessor-version":[{"id":1352,"href":"https:\/\/mcifusa.org\/es\/wp-json\/wp\/v2\/pages\/28\/revisions\/1352"}],"up":[{"embeddable":true,"href":"https:\/\/mcifusa.org\/es\/wp-json\/wp\/v2\/pages\/20"}],"wp:attachment":[{"href":"https:\/\/mcifusa.org\/es\/wp-json\/wp\/v2\/media?parent=28"}],"curies":[{"name":"wp","href":"https:\/\/api.w.org\/{rel}","templated":true}]}}