{"id":27,"date":"2019-06-05T18:34:11","date_gmt":"2019-06-05T18:34:11","guid":{"rendered":"http:\/\/mcifusa.org\/?page_id=27"},"modified":"2019-11-12T15:00:55","modified_gmt":"2019-11-12T15:00:55","slug":"faqs-borrowing","status":"publish","type":"page","link":"https:\/\/mcifusa.org\/es\/borrowing\/faqs-borrowing\/","title":{"rendered":"Preguntas Frecuentes (Pr\u00e9stamos)"},"content":{"rendered":"<p>La Fundaci\u00f3n de Inversiones de la Iglesia Misionera (MCIF, por sus siglas en ingl\u00e9s)t tiene opciones de pr\u00e9stamos disponibles ya sea que se encuentre construyendo un nuevo edificio, comprando equipos, o haciendo reparaciones inesperadas. Con mucho gusto podemos conversar con usted y ayudarle a determinar cu\u00e1l de nuestros ofrecimientos ser\u00eda mejor para cubrir las necesidades de su iglesia.<\/p>\n\n\n\n<p>MCIF puede proveer pr\u00e9stamos hipotecarios para nuevas construcci\u00f3n, compra de edificio, o renovaciones. Tambi\u00e9n ofrecemos pr\u00e9stamos a plazos para compras de equipo y otros proyectos.\u00a0<\/p>\n\n\n<style>.wp-show-posts-columns#wpsp-240 {margin-left: -2em; }.wp-show-posts-columns#wpsp-240 .wp-show-posts-inner {margin: 0 0 2em 2em; }<\/style><section id=\"wpsp-240\" class=\"wp-show-posts\" style=\"\"><article class=\"wp-show-posts-single wpsp-clearfix post-230 typewheel_question type-typewheel_question status-publish hentry typewheel_question_topic-borrowing\" itemtype=\"http:\/\/schema.org\/CreativeWork\" itemscope><div class=\"wp-show-posts-inner\" style=\"\">\t\t\t\t\t\t<header class=\"wp-show-posts-entry-header\">\n\t\t\t\t\t\t\t<span class=\"wp-show-posts-entry-title\" itemprop=\"headline\">\u00bfCu\u00e1l es el m\u00e1ximo de tiempo que dura un pr\u00e9stamo de MCIF?<\/span>\t\t\t\t\t\t<\/header><!-- .entry-header -->\n\t\t\t\t\t\t\t\t\t\t\t<div class=\"wp-show-posts-entry-content\" itemprop=\"text\">\n\t\t\t\t\t\t\t\n<p>Para hipotecas, ofrecemos un t\u00e9rmino m\u00e1ximo de 20 a\u00f1os. Para otros proyectos como compra de equipos o mejoras a espacios rentados usualmente tienen un t\u00e9rmino de 7 a\u00f1os. MCIF trabajar\u00e1 con cada iglesia para estructurar un pr\u00e9stamo prudente financieramente que se ajuste al presupuesto de cada iglesia.<\/p>\n\t\t\t\t\t\t<\/div><!-- .entry-content -->\n\t\t\t\t\t<\/div><!-- wp-show-posts-inner --><div class=\"wpsp-clear\"><\/div><\/article><article class=\"wp-show-posts-single wpsp-clearfix post-229 typewheel_question type-typewheel_question status-publish hentry typewheel_question_topic-borrowing\" itemtype=\"http:\/\/schema.org\/CreativeWork\" itemscope><div class=\"wp-show-posts-inner\" style=\"\">\t\t\t\t\t\t<header class=\"wp-show-posts-entry-header\">\n\t\t\t\t\t\t\t<span class=\"wp-show-posts-entry-title\" itemprop=\"headline\">\u00bfCobran muchos cargos?<\/span>\t\t\t\t\t\t<\/header><!-- .entry-header -->\n\t\t\t\t\t\t\t\t\t\t\t<div class=\"wp-show-posts-entry-content\" itemprop=\"text\">\n\t\t\t\t\t\t\t\n<p>Mantenemos nuestros cargos lo m\u00e1s bajo posible -cargamos $250 por pr\u00e9stamos hipotecarios y $150 por pr\u00e9stamos para compra de equipos. Las hipotecas tambi\u00e9n conllevan costos de cierre normales como tasaci\u00f3n, seguro del t\u00edtulo y cargos por registraci\u00f3n, etc.<\/p>\n\t\t\t\t\t\t<\/div><!-- .entry-content -->\n\t\t\t\t\t<\/div><!-- wp-show-posts-inner --><div class=\"wpsp-clear\"><\/div><\/article><article class=\"wp-show-posts-single wpsp-clearfix post-228 typewheel_question type-typewheel_question status-publish hentry typewheel_question_topic-borrowing\" itemtype=\"http:\/\/schema.org\/CreativeWork\" itemscope><div class=\"wp-show-posts-inner\" style=\"\">\t\t\t\t\t\t<header class=\"wp-show-posts-entry-header\">\n\t\t\t\t\t\t\t<span class=\"wp-show-posts-entry-title\" itemprop=\"headline\">\u00bfCu\u00e1les son sus tasas de inter\u00e9s?<\/span>\t\t\t\t\t\t<\/header><!-- .entry-header -->\n\t\t\t\t\t\t\t\t\t\t\t<div class=\"wp-show-posts-entry-content\" itemprop=\"text\">\n\t\t\t\t\t\t\t\n<p>Las tasas de inter\u00e9s para pr\u00e9stamos de MCIF son revisadas trimestralmente por la Junta de Directores de MCIF para asegurarnos de que son lo m\u00e1s competitivas posible. La mayor\u00eda de las tasas de los pr\u00e9stamos que ofrecemos est\u00e1n sujetas a revisi\u00f3n cada 3 a\u00f1os. Las iglesias que cumplen con sus responsabilidades financieras a nivel regional y nacional recibir\u00e1n tasas preferenciales.<\/p>\n\t\t\t\t\t\t<\/div><!-- .entry-content -->\n\t\t\t\t\t<\/div><!-- wp-show-posts-inner --><div class=\"wpsp-clear\"><\/div><\/article><article class=\"wp-show-posts-single wpsp-clearfix post-227 typewheel_question type-typewheel_question status-publish hentry typewheel_question_topic-borrowing\" itemtype=\"http:\/\/schema.org\/CreativeWork\" itemscope><div class=\"wp-show-posts-inner\" style=\"\">\t\t\t\t\t\t<header class=\"wp-show-posts-entry-header\">\n\t\t\t\t\t\t\t<span class=\"wp-show-posts-entry-title\" itemprop=\"headline\">\u00bfPuede MCIF financiar el costo de un proyecto en su totalidad?<\/span>\t\t\t\t\t\t<\/header><!-- .entry-header -->\n\t\t\t\t\t\t\t\t\t\t\t<div class=\"wp-show-posts-entry-content\" itemprop=\"text\">\n\t\t\t\t\t\t\t\n<p>Usualmente requerimos que cada iglesia cubra con sus propios fondos el 20% del costo de un proyecto o compra de equipo. Esto no solo reduce la cantidad de intereses que pagar\u00e1 tal iglesia, sino que tambi\u00e9n asegura que la iglesia tome parte en el proyecto.<\/p>\n\t\t\t\t\t\t<\/div><!-- .entry-content -->\n\t\t\t\t\t<\/div><!-- wp-show-posts-inner --><div class=\"wpsp-clear\"><\/div><\/article><article class=\"wp-show-posts-single wpsp-clearfix post-226 typewheel_question type-typewheel_question status-publish hentry typewheel_question_topic-borrowing\" itemtype=\"http:\/\/schema.org\/CreativeWork\" itemscope><div class=\"wp-show-posts-inner\" style=\"\">\t\t\t\t\t\t<header class=\"wp-show-posts-entry-header\">\n\t\t\t\t\t\t\t<span class=\"wp-show-posts-entry-title\" itemprop=\"headline\">\u00bfC\u00f3mo funciona un pr\u00e9stamo de construcci\u00f3n?<\/span>\t\t\t\t\t\t<\/header><!-- .entry-header -->\n\t\t\t\t\t\t\t\t\t\t\t<div class=\"wp-show-posts-entry-content\" itemprop=\"text\">\n\t\t\t\t\t\t\t\n<p>Los pr\u00e9stamos de construcci\u00f3n:<\/p>\n\n\n\n<ul class=\"wp-block-list\"><li>Son utilizados para nuevas construcciones o proyectos de renovaci\u00f3n<\/li><li>Permiten que la iglesia le pague a los contratistas o vendedores a medida que recibe las facturas.<\/li><li>Est\u00e1n sujetos a una cantidad y periodo determinado por MCIF<\/li><li>Requieren que los pagos durante el periodo de construcci\u00f3n sean a los intereses. Luego de completado el proyecto, comienzan los pagos al principal y a los intereses, por un periodo m\u00e1ximo de 20 a\u00f1os.<\/li><\/ul>\n\n\n\n<p><\/p>\n\t\t\t\t\t\t<\/div><!-- .entry-content -->\n\t\t\t\t\t<\/div><!-- wp-show-posts-inner --><div class=\"wpsp-clear\"><\/div><\/article><\/section><!-- .wp-show-posts -->\n\n\n\n<p><\/p>","protected":false},"excerpt":{"rendered":"<p>Missionary Church Investment Foundation has loan options available whether you are building a new building, purchasing equipment, or making unexpected repairs.\u00a0We\u2019ll be glad to talk with you and help determine what would best fit your church\u2019s needs. MCIF can provide mortgage loans for new construction, building purchases, or building renovations.\u00a0We also offer installment loans for &#8230; <a title=\"\u00bfC\u00f3mo funciona un pr\u00e9stamo de construcci\u00f3n?\" class=\"read-more\" href=\"https:\/\/mcifusa.org\/es\/question\/how-does-a-construction-loan-work\/\" aria-label=\"Read more about How does a construction loan work?\">Read more<\/a><\/p>","protected":false},"author":8,"featured_media":0,"parent":19,"menu_order":10,"comment_status":"closed","ping_status":"closed","template":"","meta":{"iawp_total_views":66,"footnotes":""},"class_list":["post-27","page","type-page","status-publish","hentry","no-featured-image-padding"],"acf":[],"_links":{"self":[{"href":"https:\/\/mcifusa.org\/es\/wp-json\/wp\/v2\/pages\/27","targetHints":{"allow":["GET"]}}],"collection":[{"href":"https:\/\/mcifusa.org\/es\/wp-json\/wp\/v2\/pages"}],"about":[{"href":"https:\/\/mcifusa.org\/es\/wp-json\/wp\/v2\/types\/page"}],"author":[{"embeddable":true,"href":"https:\/\/mcifusa.org\/es\/wp-json\/wp\/v2\/users\/8"}],"replies":[{"embeddable":true,"href":"https:\/\/mcifusa.org\/es\/wp-json\/wp\/v2\/comments?post=27"}],"version-history":[{"count":4,"href":"https:\/\/mcifusa.org\/es\/wp-json\/wp\/v2\/pages\/27\/revisions"}],"predecessor-version":[{"id":490,"href":"https:\/\/mcifusa.org\/es\/wp-json\/wp\/v2\/pages\/27\/revisions\/490"}],"up":[{"embeddable":true,"href":"https:\/\/mcifusa.org\/es\/wp-json\/wp\/v2\/pages\/19"}],"wp:attachment":[{"href":"https:\/\/mcifusa.org\/es\/wp-json\/wp\/v2\/media?parent=27"}],"curies":[{"name":"wp","href":"https:\/\/api.w.org\/{rel}","templated":true}]}}