{"id":26,"date":"2019-06-05T18:34:11","date_gmt":"2019-06-05T18:34:11","guid":{"rendered":"http:\/\/mcifusa.org\/?page_id=26"},"modified":"2019-10-07T17:59:51","modified_gmt":"2019-10-07T17:59:51","slug":"equipment-buildout-loans","status":"publish","type":"page","link":"https:\/\/mcifusa.org\/es\/borrowing\/equipment-buildout-loans\/","title":{"rendered":"Pr\u00e9stamos Para Equipos y Expansiones"},"content":{"rendered":"<p>Regularmente financiamos equipos de luces y sonidos, reparaciones y reemplazos de sistemas de climatizaci\u00f3n (HVAC, por sus siglas en ingl\u00e9s) y mejoras a espacios rentados. Esto tambi\u00e9n incluye pr\u00e9stamos de corto plazo en el evento de que necesite hacer una reparaci\u00f3n o reemplazo de emergencia.<\/p>","protected":false},"excerpt":{"rendered":"<p>Regularmente financiamos equipos de luces y sonidos, reparaciones y reemplazos de sistemas de climatizaci\u00f3n (HVAC, por sus siglas en ingl\u00e9s) y mejoras a espacios rentados. Esto tambi\u00e9n incluye pr\u00e9stamos de corto plazo en el evento de que necesite hacer una reparaci\u00f3n o reemplazo de emergencia.<\/p>","protected":false},"author":8,"featured_media":0,"parent":19,"menu_order":9,"comment_status":"closed","ping_status":"closed","template":"","meta":{"iawp_total_views":48,"footnotes":""},"class_list":{"0":"post-26","1":"page","2":"type-page","3":"status-publish","5":"no-featured-image-padding"},"acf":[],"_links":{"self":[{"href":"https:\/\/mcifusa.org\/es\/wp-json\/wp\/v2\/pages\/26","targetHints":{"allow":["GET"]}}],"collection":[{"href":"https:\/\/mcifusa.org\/es\/wp-json\/wp\/v2\/pages"}],"about":[{"href":"https:\/\/mcifusa.org\/es\/wp-json\/wp\/v2\/types\/page"}],"author":[{"embeddable":true,"href":"https:\/\/mcifusa.org\/es\/wp-json\/wp\/v2\/users\/8"}],"replies":[{"embeddable":true,"href":"https:\/\/mcifusa.org\/es\/wp-json\/wp\/v2\/comments?post=26"}],"version-history":[{"count":5,"href":"https:\/\/mcifusa.org\/es\/wp-json\/wp\/v2\/pages\/26\/revisions"}],"predecessor-version":[{"id":293,"href":"https:\/\/mcifusa.org\/es\/wp-json\/wp\/v2\/pages\/26\/revisions\/293"}],"up":[{"embeddable":true,"href":"https:\/\/mcifusa.org\/es\/wp-json\/wp\/v2\/pages\/19"}],"wp:attachment":[{"href":"https:\/\/mcifusa.org\/es\/wp-json\/wp\/v2\/media?parent=26"}],"curies":[{"name":"wp","href":"https:\/\/api.w.org\/{rel}","templated":true}]}}