{"id":25,"date":"2019-06-05T18:34:11","date_gmt":"2019-06-05T18:34:11","guid":{"rendered":"http:\/\/mcifusa.org\/?page_id=25"},"modified":"2019-10-07T17:55:58","modified_gmt":"2019-10-07T17:55:58","slug":"property-loans","status":"publish","type":"page","link":"https:\/\/mcifusa.org\/es\/borrowing\/property-loans\/","title":{"rendered":"Pr\u00e9stamos Para Edificios y Terrenos"},"content":{"rendered":"<p>Podemos ayudarle a financiar la compra de edificios, expansiones o renovaciones, as\u00ed como tambi\u00e9n a hacer pr\u00e9stamos para terrenos. Sabemos que para nuevas iglesias e iglesias en crecimiento, muchas veces comienza con encontrar la futura localizaci\u00f3n correcta. Por tal raz\u00f3n tambi\u00e9n podemos refinanciar su pr\u00e9stamo existente si est\u00e1 buscando una mejor tasa de inter\u00e9s o mejores t\u00e9rminos.<\/p>","protected":false},"excerpt":{"rendered":"<p>Podemos ayudarle a financiar la compra de edificios, expansiones o renovaciones, as\u00ed como tambi\u00e9n a hacer pr\u00e9stamos para terrenos. Sabemos que para nuevas iglesias e iglesias en crecimiento, muchas veces comienza con encontrar la futura localizaci\u00f3n correcta. Por tal raz\u00f3n tambi\u00e9n podemos refinanciar su pr\u00e9stamo existente si est\u00e1 buscando una mejor tasa de inter\u00e9s o mejores t\u00e9rminos.<\/p>","protected":false},"author":8,"featured_media":0,"parent":19,"menu_order":8,"comment_status":"closed","ping_status":"closed","template":"","meta":{"iawp_total_views":81,"footnotes":""},"class_list":{"0":"post-25","1":"page","2":"type-page","3":"status-publish","5":"no-featured-image-padding"},"acf":[],"_links":{"self":[{"href":"https:\/\/mcifusa.org\/es\/wp-json\/wp\/v2\/pages\/25","targetHints":{"allow":["GET"]}}],"collection":[{"href":"https:\/\/mcifusa.org\/es\/wp-json\/wp\/v2\/pages"}],"about":[{"href":"https:\/\/mcifusa.org\/es\/wp-json\/wp\/v2\/types\/page"}],"author":[{"embeddable":true,"href":"https:\/\/mcifusa.org\/es\/wp-json\/wp\/v2\/users\/8"}],"replies":[{"embeddable":true,"href":"https:\/\/mcifusa.org\/es\/wp-json\/wp\/v2\/comments?post=25"}],"version-history":[{"count":6,"href":"https:\/\/mcifusa.org\/es\/wp-json\/wp\/v2\/pages\/25\/revisions"}],"predecessor-version":[{"id":291,"href":"https:\/\/mcifusa.org\/es\/wp-json\/wp\/v2\/pages\/25\/revisions\/291"}],"up":[{"embeddable":true,"href":"https:\/\/mcifusa.org\/es\/wp-json\/wp\/v2\/pages\/19"}],"wp:attachment":[{"href":"https:\/\/mcifusa.org\/es\/wp-json\/wp\/v2\/media?parent=25"}],"curies":[{"name":"wp","href":"https:\/\/api.w.org\/{rel}","templated":true}]}}