{"id":24,"date":"2019-06-05T18:34:11","date_gmt":"2019-06-05T18:34:11","guid":{"rendered":"http:\/\/mcifusa.org\/?page_id=24"},"modified":"2019-10-08T18:31:03","modified_gmt":"2019-10-08T18:31:03","slug":"construction-loans","status":"publish","type":"page","link":"https:\/\/mcifusa.org\/es\/borrowing\/construction-loans\/","title":{"rendered":"Pr\u00e9stamos Para Construcci\u00f3n"},"content":{"rendered":"<p>Los pr\u00e9stamos de construcci\u00f3n se pueden utilizar para financiar la construcci\u00f3n de nuevos edificios o para hacer mejoras a edificios existentes. Los fondos se proveen bajo pr\u00e9stamos de construcci\u00f3n mientras usted paga por los costos de construcci\u00f3n, hasta una cantidad m\u00e1xima.<\/p>\n\n\n\n<p>Durante la construcci\u00f3n, los pagos son t\u00edpicamente solo intereses. Luego de que el proyecto de construcci\u00f3n es completado, comienzan los pagos al principal.<\/p>","protected":false},"excerpt":{"rendered":"<p>Construction loans can be used to fund the construction of new buildings or improvements to existing buildings.&nbsp; Funds are provided under construction loans as you pay for construction costs, up to a maximum amount. During construction, payments are typically interest-only.\u00a0 After the project is complete, principal payments will begin.<\/p>","protected":false},"author":8,"featured_media":0,"parent":19,"menu_order":7,"comment_status":"closed","ping_status":"closed","template":"","meta":{"iawp_total_views":80,"footnotes":""},"class_list":{"0":"post-24","1":"page","2":"type-page","3":"status-publish","5":"no-featured-image-padding"},"acf":[],"_links":{"self":[{"href":"https:\/\/mcifusa.org\/es\/wp-json\/wp\/v2\/pages\/24","targetHints":{"allow":["GET"]}}],"collection":[{"href":"https:\/\/mcifusa.org\/es\/wp-json\/wp\/v2\/pages"}],"about":[{"href":"https:\/\/mcifusa.org\/es\/wp-json\/wp\/v2\/types\/page"}],"author":[{"embeddable":true,"href":"https:\/\/mcifusa.org\/es\/wp-json\/wp\/v2\/users\/8"}],"replies":[{"embeddable":true,"href":"https:\/\/mcifusa.org\/es\/wp-json\/wp\/v2\/comments?post=24"}],"version-history":[{"count":3,"href":"https:\/\/mcifusa.org\/es\/wp-json\/wp\/v2\/pages\/24\/revisions"}],"predecessor-version":[{"id":290,"href":"https:\/\/mcifusa.org\/es\/wp-json\/wp\/v2\/pages\/24\/revisions\/290"}],"up":[{"embeddable":true,"href":"https:\/\/mcifusa.org\/es\/wp-json\/wp\/v2\/pages\/19"}],"wp:attachment":[{"href":"https:\/\/mcifusa.org\/es\/wp-json\/wp\/v2\/media?parent=24"}],"curies":[{"name":"wp","href":"https:\/\/api.w.org\/{rel}","templated":true}]}}